{"id":438,"date":"2025-12-02T09:15:50","date_gmt":"2025-12-02T09:15:50","guid":{"rendered":"https:\/\/www.inhouse-golf.de\/?page_id=438"},"modified":"2026-04-08T07:01:49","modified_gmt":"2026-04-08T05:01:49","slug":"unsere-anlage","status":"publish","type":"page","link":"https:\/\/www.inhouse-golf.de\/?page_id=438","title":{"rendered":"Unsere Anlage"},"content":{"rendered":"\n<p><\/p>\n\n\n\n<div class=\"wp-block-group\"><div class=\"wp-block-group__inner-container is-layout-constrained wp-block-group-is-layout-constrained\">\n<div class=\"wp-block-group\"><div class=\"wp-block-group__inner-container is-layout-constrained wp-block-group-is-layout-constrained\">\n<ol class=\"wp-block-list\">\n<p><br><strong><strong>Zugang zur Anlage<\/strong><\/strong><br>Mit der Buchung und Bezahlung der Trainingszeit erhaltet ihr innerhalb von <strong>1-2 Minuten einen Zugangscode per Email<\/strong>. Dieser Zugangscode gilt f\u00fcr die Hauseingangst\u00fcr und die T\u00fcr zum Trainingsraum. Wenn Ihr eine Trainingszeit mit Trackman bucht, gilt dieser Zugangscode auch f\u00fcr den Trackman Schl\u00fcsseltresor. <br><em><strong><strong>G\u00fcltigkeit des Zugangscodes: 15min vor bis 15min nach der gebuchten Trainingszeit<\/strong><\/strong><\/em>.<em> Zwischenzeitliches verlassen und wiederzutritt innerhalb der Trainingszeit ist problemlos m\u00f6glich.<\/em><br><br><strong><strong>1. Trainingsplatz<\/strong><\/strong><br>Unsere Golf Trainingsanlage umfasst 2 Trainingspl\u00e4tze, welche als Rechtsh\u00e4nder sowie als Linksh\u00e4nderpl\u00e4tze genutzt werden k\u00f6nnen.<br>Der 1. Platz ist mit Beamer, Tablett (Ipad) und einem <a href=\"https:\/\/rapsodo.com\/pages\/mlm2pro-golf-simulator\" target=\"_blank\" rel=\"noreferrer noopener\"><strong>Rapsodo MLM2 Pro<\/strong><\/a> ausgestattet (inkl. <strong>Premium Abo,<\/strong> sodass auch alle verf\u00fcgbaren Pl\u00e4tze gespielt werden k\u00f6nnen). Die B\u00e4lle werden gegen die Beamer-Leinwand direkt geschlagen.<br><strong>Wahlweise kann der 1. Trainingsplatz auch mit einem original Trackman bespielt werden. <\/strong><\/p>\n\n\n\n<figure class=\"wp-block-image size-large is-resized\"><img loading=\"lazy\" decoding=\"async\" width=\"1024\" height=\"768\" src=\"https:\/\/www.inhouse-golf.de\/wp-content\/uploads\/2025\/12\/Spielbetrieb_beamer2-1024x768.jpeg\" alt=\"\" class=\"wp-image-470\" style=\"width:811px;height:auto\" srcset=\"https:\/\/www.inhouse-golf.de\/wp-content\/uploads\/2025\/12\/Spielbetrieb_beamer2-1024x768.jpeg 1024w, https:\/\/www.inhouse-golf.de\/wp-content\/uploads\/2025\/12\/Spielbetrieb_beamer2-scaled-600x450.jpeg 600w, https:\/\/www.inhouse-golf.de\/wp-content\/uploads\/2025\/12\/Spielbetrieb_beamer2-300x225.jpeg 300w, https:\/\/www.inhouse-golf.de\/wp-content\/uploads\/2025\/12\/Spielbetrieb_beamer2-768x576.jpeg 768w, https:\/\/www.inhouse-golf.de\/wp-content\/uploads\/2025\/12\/Spielbetrieb_beamer2-1536x1152.jpeg 1536w, https:\/\/www.inhouse-golf.de\/wp-content\/uploads\/2025\/12\/Spielbetrieb_beamer2-2048x1536.jpeg 2048w\" sizes=\"auto, (max-width: 1024px) 100vw, 1024px\" \/><\/figure>\n\n\n\n<p><br><strong><strong>Unser Trackmann<\/strong><\/strong> &#8211; aktuell nicht verf\u00fcgbar<br><br><img decoding=\"async\" width=\"850px\" style=\"\" src=\"https:\/\/www.inhouse-golf.de\/wp-content\/uploads\/2025\/12\/Trackman-scaled.jpg\" alt=\"\"><br><br><img decoding=\"async\" width=\"850px\" src=\"https:\/\/www.inhouse-golf.de\/wp-content\/uploads\/2025\/12\/Trackman_software-scaled.jpg\" alt=\"\"><br><br><strong><strong>2. Trainingsplatz<\/strong><\/strong><br>Unser 2. Platz ist mit einem TV ausgestattet. Hier k\u00f6nnt Ihr via HDMI-Anschlu\u00df (Kabel vorhanden) eure eigenen Schlag-Tracker anschlie\u00dfen. Die B\u00e4lle werden direkt rechts neben die Beamer-Leinwand ins Netz \/ Vorhang geschlagen. F\u00fcr Linksh\u00e4nder besteht die M\u00f6glichkeit, ebenfalls die B\u00e4lle an die Leinwand zu schlagen.<\/p>\n\n\n\n<figure class=\"wp-block-image size-large is-resized\"><img loading=\"lazy\" decoding=\"async\" width=\"1024\" height=\"768\" src=\"https:\/\/www.inhouse-golf.de\/wp-content\/uploads\/2025\/12\/Abschlag_2-1024x768.jpeg\" alt=\"\" class=\"wp-image-471\" style=\"width:833px\" srcset=\"https:\/\/www.inhouse-golf.de\/wp-content\/uploads\/2025\/12\/Abschlag_2-1024x768.jpeg 1024w, https:\/\/www.inhouse-golf.de\/wp-content\/uploads\/2025\/12\/Abschlag_2-scaled-600x450.jpeg 600w, https:\/\/www.inhouse-golf.de\/wp-content\/uploads\/2025\/12\/Abschlag_2-300x225.jpeg 300w, https:\/\/www.inhouse-golf.de\/wp-content\/uploads\/2025\/12\/Abschlag_2-768x576.jpeg 768w, https:\/\/www.inhouse-golf.de\/wp-content\/uploads\/2025\/12\/Abschlag_2-1536x1152.jpeg 1536w, https:\/\/www.inhouse-golf.de\/wp-content\/uploads\/2025\/12\/Abschlag_2-2048x1536.jpeg 2048w\" sizes=\"auto, (max-width: 1024px) 100vw, 1024px\" \/><\/figure>\n\n\n\n<p><br><strong><strong>Doppeltraining<\/strong><\/strong><br><\/p>\n\n\n\n<figure class=\"wp-block-image size-large is-resized\"><img loading=\"lazy\" decoding=\"async\" width=\"768\" height=\"1024\" src=\"https:\/\/www.inhouse-golf.de\/wp-content\/uploads\/2025\/12\/Anlage_Doppel_Training-1-768x1024.jpg\" alt=\"\" class=\"wp-image-541\" style=\"width:865px;height:auto\" srcset=\"https:\/\/www.inhouse-golf.de\/wp-content\/uploads\/2025\/12\/Anlage_Doppel_Training-1-768x1024.jpg 768w, https:\/\/www.inhouse-golf.de\/wp-content\/uploads\/2025\/12\/Anlage_Doppel_Training-1-scaled-600x800.jpg 600w, https:\/\/www.inhouse-golf.de\/wp-content\/uploads\/2025\/12\/Anlage_Doppel_Training-1-225x300.jpg 225w, https:\/\/www.inhouse-golf.de\/wp-content\/uploads\/2025\/12\/Anlage_Doppel_Training-1-1152x1536.jpg 1152w, https:\/\/www.inhouse-golf.de\/wp-content\/uploads\/2025\/12\/Anlage_Doppel_Training-1-1536x2048.jpg 1536w, https:\/\/www.inhouse-golf.de\/wp-content\/uploads\/2025\/12\/Anlage_Doppel_Training-1-scaled.jpg 1920w\" sizes=\"auto, (max-width: 768px) 100vw, 768px\" \/><\/figure>\n\n\n\n<p><strong>Blick auf die Driving Range<\/strong><\/p>\n\n\n\n<p><\/p>\n\n\n\n<figure class=\"wp-block-image size-large is-resized\"><img loading=\"lazy\" decoding=\"async\" width=\"1024\" height=\"576\" src=\"https:\/\/www.inhouse-golf.de\/wp-content\/uploads\/2025\/12\/Driving_Range-1024x576.png\" alt=\"\" class=\"wp-image-472\" style=\"width:833px\" srcset=\"https:\/\/www.inhouse-golf.de\/wp-content\/uploads\/2025\/12\/Driving_Range-1024x576.png 1024w, https:\/\/www.inhouse-golf.de\/wp-content\/uploads\/2025\/12\/Driving_Range-600x338.png 600w, https:\/\/www.inhouse-golf.de\/wp-content\/uploads\/2025\/12\/Driving_Range-300x169.png 300w, https:\/\/www.inhouse-golf.de\/wp-content\/uploads\/2025\/12\/Driving_Range-768x432.png 768w, https:\/\/www.inhouse-golf.de\/wp-content\/uploads\/2025\/12\/Driving_Range.png 1280w\" sizes=\"auto, (max-width: 1024px) 100vw, 1024px\" \/><\/figure>\n\n\n\n<p><\/p>\n\n\n\n<p>Der Beamer kann auch \u00fcber Screenmirror \/ HDMI mit einem eigenen Signal gekoppelt werden.<br><\/p>\n\n\n\n<figure class=\"wp-block-image size-large is-resized\"><img loading=\"lazy\" decoding=\"async\" width=\"1024\" height=\"768\" src=\"https:\/\/www.inhouse-golf.de\/wp-content\/uploads\/2025\/12\/Beamer_Leinwand-1024x768.jpeg\" alt=\"\" class=\"wp-image-473\" style=\"width:833px\" srcset=\"https:\/\/www.inhouse-golf.de\/wp-content\/uploads\/2025\/12\/Beamer_Leinwand-1024x768.jpeg 1024w, https:\/\/www.inhouse-golf.de\/wp-content\/uploads\/2025\/12\/Beamer_Leinwand-scaled-600x450.jpeg 600w, https:\/\/www.inhouse-golf.de\/wp-content\/uploads\/2025\/12\/Beamer_Leinwand-300x225.jpeg 300w, https:\/\/www.inhouse-golf.de\/wp-content\/uploads\/2025\/12\/Beamer_Leinwand-768x576.jpeg 768w, https:\/\/www.inhouse-golf.de\/wp-content\/uploads\/2025\/12\/Beamer_Leinwand-1536x1152.jpeg 1536w, https:\/\/www.inhouse-golf.de\/wp-content\/uploads\/2025\/12\/Beamer_Leinwand-2048x1536.jpeg 2048w\" sizes=\"auto, (max-width: 1024px) 100vw, 1024px\" \/><\/figure>\n\n\n\n<p><\/p>\n\n\n\n<p><strong><strong>Unserer Technik <\/strong><\/strong><br>Bitte nach verwenden der Technik, diese wieder hier abstellen und an die Ladakabel anschlie\u00dfen.<\/p>\n\n\n\n<p><\/p>\n\n\n\n<figure class=\"wp-block-image size-large is-resized\"><img loading=\"lazy\" decoding=\"async\" width=\"768\" height=\"1024\" src=\"https:\/\/www.inhouse-golf.de\/wp-content\/uploads\/2025\/12\/IMG_3297-768x1024.jpeg\" alt=\"\" class=\"wp-image-510\" style=\"width:833px\" srcset=\"https:\/\/www.inhouse-golf.de\/wp-content\/uploads\/2025\/12\/IMG_3297-768x1024.jpeg 768w, https:\/\/www.inhouse-golf.de\/wp-content\/uploads\/2025\/12\/IMG_3297-scaled-600x800.jpeg 600w, https:\/\/www.inhouse-golf.de\/wp-content\/uploads\/2025\/12\/IMG_3297-225x300.jpeg 225w, https:\/\/www.inhouse-golf.de\/wp-content\/uploads\/2025\/12\/IMG_3297-1152x1536.jpeg 1152w, https:\/\/www.inhouse-golf.de\/wp-content\/uploads\/2025\/12\/IMG_3297-1536x2048.jpeg 1536w, https:\/\/www.inhouse-golf.de\/wp-content\/uploads\/2025\/12\/IMG_3297-scaled.jpeg 1920w\" sizes=\"auto, (max-width: 768px) 100vw, 768px\" \/><\/figure>\n\n\n\n<p><\/p>\n\n\n\n<p><strong><strong>Unser Trackman<\/strong><\/strong> (aktuell nicht verf\u00fcgbar)<br><img decoding=\"async\" style=\"width:833px\" src=\"https:\/\/www.inhouse-golf.de\/wp-content\/uploads\/2025\/12\/Trackmann_schrank-1024x768.jpg\" alt=\"\"><br><br><strong>Hier findet Ihr die Bedienungsanleitung f\u00fcr unsere Anlage<\/strong> <strong>(auch als <a href=\"https:\/\/www.inhouse-golf.de\/?page_id=274\" data-type=\"page\" data-id=\"274\">Download<\/a>)<\/strong>.<\/p>\n\n\n\n<figure class=\"wp-block-image size-large is-resized\"><img loading=\"lazy\" decoding=\"async\" width=\"1024\" height=\"768\" src=\"https:\/\/www.inhouse-golf.de\/wp-content\/uploads\/2025\/12\/Anleitung-fuer-die-Bedienung-1024x768.jpeg\" alt=\"\" class=\"wp-image-512\" style=\"width:833px\" srcset=\"https:\/\/www.inhouse-golf.de\/wp-content\/uploads\/2025\/12\/Anleitung-fuer-die-Bedienung-1024x768.jpeg 1024w, https:\/\/www.inhouse-golf.de\/wp-content\/uploads\/2025\/12\/Anleitung-fuer-die-Bedienung-scaled-600x450.jpeg 600w, https:\/\/www.inhouse-golf.de\/wp-content\/uploads\/2025\/12\/Anleitung-fuer-die-Bedienung-300x225.jpeg 300w, https:\/\/www.inhouse-golf.de\/wp-content\/uploads\/2025\/12\/Anleitung-fuer-die-Bedienung-768x576.jpeg 768w, https:\/\/www.inhouse-golf.de\/wp-content\/uploads\/2025\/12\/Anleitung-fuer-die-Bedienung-1536x1152.jpeg 1536w, https:\/\/www.inhouse-golf.de\/wp-content\/uploads\/2025\/12\/Anleitung-fuer-die-Bedienung-2048x1536.jpeg 2048w\" sizes=\"auto, (max-width: 1024px) 100vw, 1024px\" \/><\/figure>\n\n\n\n<p><\/p>\n\n\n\n<p><\/p>\n<\/ol>\n<\/div><\/div>\n<\/div><\/div>\n\n\n\n<p><\/p>\n","protected":false},"excerpt":{"rendered":"<p>Zugang zur AnlageMit der Buchung und Bezahlung der Trainingszeit erhaltet ihr innerhalb von 1-2 Minuten einen Zugangscode per Email. Dieser Zugangscode gilt f\u00fcr die Hauseingangst\u00fcr und die T\u00fcr zum Trainingsraum. Wenn Ihr eine Trainingszeit mit Trackman bucht, gilt dieser Zugangscode auch f\u00fcr den Trackman Schl\u00fcsseltresor. G\u00fcltigkeit des Zugangscodes: 15min vor bis 15min nach der gebuchten [&hellip;]<\/p>\n","protected":false},"author":1,"featured_media":0,"parent":0,"menu_order":0,"comment_status":"closed","ping_status":"closed","template":"","meta":{"footnotes":""},"class_list":["post-438","page","type-page","status-publish","hentry"],"_links":{"self":[{"href":"https:\/\/www.inhouse-golf.de\/index.php?rest_route=\/wp\/v2\/pages\/438","targetHints":{"allow":["GET"]}}],"collection":[{"href":"https:\/\/www.inhouse-golf.de\/index.php?rest_route=\/wp\/v2\/pages"}],"about":[{"href":"https:\/\/www.inhouse-golf.de\/index.php?rest_route=\/wp\/v2\/types\/page"}],"author":[{"embeddable":true,"href":"https:\/\/www.inhouse-golf.de\/index.php?rest_route=\/wp\/v2\/users\/1"}],"replies":[{"embeddable":true,"href":"https:\/\/www.inhouse-golf.de\/index.php?rest_route=%2Fwp%2Fv2%2Fcomments&post=438"}],"version-history":[{"count":28,"href":"https:\/\/www.inhouse-golf.de\/index.php?rest_route=\/wp\/v2\/pages\/438\/revisions"}],"predecessor-version":[{"id":2566,"href":"https:\/\/www.inhouse-golf.de\/index.php?rest_route=\/wp\/v2\/pages\/438\/revisions\/2566"}],"wp:attachment":[{"href":"https:\/\/www.inhouse-golf.de\/index.php?rest_route=%2Fwp%2Fv2%2Fmedia&parent=438"}],"curies":[{"name":"wp","href":"https:\/\/api.w.org\/{rel}","templated":true}]}}