{"id":424,"date":"2025-11-30T19:08:08","date_gmt":"2025-11-30T19:08:08","guid":{"rendered":"https:\/\/www.inhouse-golf.de\/?page_id=424"},"modified":"2026-01-07T13:13:30","modified_gmt":"2026-01-07T12:13:30","slug":"abos","status":"publish","type":"page","link":"https:\/\/www.inhouse-golf.de\/?page_id=424","title":{"rendered":"Abo Varianten"},"content":{"rendered":"\n<p><\/p>\n\n\n\n<h4 class=\"wp-block-heading\"><\/h4>\n\n\n\n<p>Es besteht die M\u00f6glichkeit ein Monatsabo abzuschlie\u00dfen. F\u00fcr dieses Monatsabo erh\u00e4lt man eine gewissen Anzahl an Stunden Zutritt zum Trainingsraum. Diese Zeit m\u00fcssen auch \u00fcber den Normalen Kalender gebucht werden.<\/p>\n\n\n\n<p><\/p>\n\n\n\n<p><strong><strong>Variante A:<\/strong><\/strong><\/p>\n\n\n\n<p>Preis: 45,- EUR pro Monat \/ bei original Trackman-Nutzung 90,- EUR pro Monat.<\/p>\n\n\n\n<p>6 Stunden pro Monat freier Zutritt. Zeiten nach freier Verf\u00fcgbarkeit im Buchungskalender.<\/p>\n\n\n\n<p>Nichtverbrauchte Stunden nach Monatsende verfallen. Buchung und Verf\u00fcgbarkeit \u00fcber den Buchungskalender.<\/p>\n\n\n\n<p><\/p>\n\n\n\n<p><strong><strong>Varinante B:<\/strong><\/strong><\/p>\n\n\n\n<p>Preis: 65,- EUR pro Monat \/ bei original Trackman-Nutzung 130,- EUR pro Monat.<\/p>\n\n\n\n<p>9 Stunden pro Monat freier Zutritt. Zeiten nach freier Verf\u00fcgbarkeit im Buchungskalender.<\/p>\n\n\n\n<p>Nichtverbrauchte Stunden nach Monatsende verfallen. Buchung und Verf\u00fcgbarkeit \u00fcber den Buchungskalender.<\/p>\n\n\n\n<p><\/p>\n\n\n\n<p><strong><strong>Varinante C:<\/strong><\/strong><\/p>\n\n\n\n<p>Preis: 85,- EUR pro Monat \/ bei original Trackman-Nutzung 170,- EUR pro Monat.<\/p>\n\n\n\n<p>12 Stunden pro Monat freier Zutritt. Zeiten nach freier Verf\u00fcgbarkeit im Buchungskalender.<\/p>\n\n\n\n<p>Nichtverbrauchte Stunden nach Monatsende verfallen. Buchung und Verf\u00fcgbarkeit \u00fcber den Buchungskalender.<\/p>\n\n\n\n<p><\/p>\n\n\n\n<p><strong><strong>Varinante D:<\/strong><\/strong><\/p>\n\n\n\n<p>Preis: individuell<\/p>\n\n\n\n<p>individuell Stunden pro Monat freier Zutritt. Zeiten nach freier Verf\u00fcgbarkeit im Buchungskalender.<\/p>\n\n\n\n<p>Nichtverbrauchte Stunden nach Monatsende verfallen. Buchung und Verf\u00fcgbarkeit \u00fcber den Buchungskalender.<br><strong>Sprecht mich einfach an, am besten mit konkreten Vorstellungen<\/strong><\/p>\n\n\n\n<p><\/p>\n\n\n\n<p><\/p>\n\n\n\n<p><strong><strong>G\u00fcltig f\u00fcr alle Abo Varianten:<\/strong><\/strong><\/p>\n\n\n\n<p>Die Mindestlaufzeitzeit betr\u00e4gt <strong>3 Monate<\/strong>, welche bein Abschlu\u00df in <strong>voller Summe<\/strong> (Bar, Paypal) zu entrichten sind.<\/p>\n\n\n\n<p>Das Abo verl\u00e4ngert sich jeweils automatisch um einen Monat. Die monatliche Abogeb\u00fchr ist dann jeweils zum 1. des Monats f\u00e4llig. (Bar, Paypal)<\/p>\n\n\n\n<p>Die erstmalige K\u00fcndigung ist mit einer Frist von 2 Wochen zum Ablauf des 3. Monats bzw. dann jeweils zum Ende des Monats m\u00f6glich.<\/p>\n\n\n\n<p>Die K\u00fcndigung ist entweder schriftlich (Brief) oder per Mail beim Betreiber unter info@inhouse-golf.de einzureichen.<\/p>\n","protected":false},"excerpt":{"rendered":"<p>Es besteht die M\u00f6glichkeit ein Monatsabo abzuschlie\u00dfen. F\u00fcr dieses Monatsabo erh\u00e4lt man eine gewissen Anzahl an Stunden Zutritt zum Trainingsraum. Diese Zeit m\u00fcssen auch \u00fcber den Normalen Kalender gebucht werden. Variante A: Preis: 45,- EUR pro Monat \/ bei original Trackman-Nutzung 90,- EUR pro Monat. 6 Stunden pro Monat freier Zutritt. Zeiten nach freier Verf\u00fcgbarkeit [&hellip;]<\/p>\n","protected":false},"author":1,"featured_media":0,"parent":0,"menu_order":0,"comment_status":"closed","ping_status":"closed","template":"","meta":{"footnotes":""},"class_list":["post-424","page","type-page","status-publish","hentry"],"_links":{"self":[{"href":"https:\/\/www.inhouse-golf.de\/index.php?rest_route=\/wp\/v2\/pages\/424","targetHints":{"allow":["GET"]}}],"collection":[{"href":"https:\/\/www.inhouse-golf.de\/index.php?rest_route=\/wp\/v2\/pages"}],"about":[{"href":"https:\/\/www.inhouse-golf.de\/index.php?rest_route=\/wp\/v2\/types\/page"}],"author":[{"embeddable":true,"href":"https:\/\/www.inhouse-golf.de\/index.php?rest_route=\/wp\/v2\/users\/1"}],"replies":[{"embeddable":true,"href":"https:\/\/www.inhouse-golf.de\/index.php?rest_route=%2Fwp%2Fv2%2Fcomments&post=424"}],"version-history":[{"count":8,"href":"https:\/\/www.inhouse-golf.de\/index.php?rest_route=\/wp\/v2\/pages\/424\/revisions"}],"predecessor-version":[{"id":1270,"href":"https:\/\/www.inhouse-golf.de\/index.php?rest_route=\/wp\/v2\/pages\/424\/revisions\/1270"}],"wp:attachment":[{"href":"https:\/\/www.inhouse-golf.de\/index.php?rest_route=%2Fwp%2Fv2%2Fmedia&parent=424"}],"curies":[{"name":"wp","href":"https:\/\/api.w.org\/{rel}","templated":true}]}}