{"id":274,"date":"2025-11-27T05:31:56","date_gmt":"2025-11-27T05:31:56","guid":{"rendered":"https:\/\/www.inhouse-golf.de\/?page_id=274"},"modified":"2026-01-13T09:11:06","modified_gmt":"2026-01-13T08:11:06","slug":"bedienungsanleitung","status":"publish","type":"page","link":"https:\/\/www.inhouse-golf.de\/?page_id=274","title":{"rendered":"Bedienungsanleitung"},"content":{"rendered":"\n<p><\/p>\n\n\n\n<p><\/p>\n\n\n\n<p>Wie du alle Ger\u00e4te einstellst findest du hier -&gt; <a href=\"https:\/\/www.inhouse-golf.de\/wp-content\/uploads\/2025\/12\/Geraete_Konfigurieren.pdf\" data-type=\"link\" data-id=\"https:\/\/www.inhouse-golf.de\/wp-content\/uploads\/2025\/12\/Geraete_Konfigurieren.pdf\"><strong>Ger\u00e4te Einstellungen<\/strong><\/a><\/p>\n\n\n\n<p><\/p>\n\n\n\n<p><strong><strong>Die Anleitung f\u00fcr die Bedienung des Rapsodo findest du hier. -> <a href=\"https:\/\/www.inhouse-golf.de\/wp-content\/uploads\/2025\/12\/Anleitung_Rapsodo.pdf\" target=\"_blank\" rel=\"noreferrer noopener\">Anleitung Rapsodo<\/a><\/strong><\/strong><\/p>\n\n\n\n<p><\/p>\n\n\n\n<p><strong><strong>Die Anleitung f\u00fcr die Bedienung des Trackman findest du hier. -> <a href=\"https:\/\/www.inhouse-golf.de\/wp-content\/uploads\/2025\/12\/Anleitung_Trackman.pdf\" target=\"_blank\" rel=\"noreferrer noopener\">Anleitung Trackman<\/a><\/strong><\/strong><\/p>\n\n\n\n<p><\/p>\n\n\n\n<p><strong>Hier erf\u00e4hrst du, wie du unsere Ger\u00e4te am besten benutzt.<\/strong><\/p>\n\n\n\n<p>Bitte stelle den Rapsodo an die enstrechend markierte Stelle. (jeweils f\u00fcr Links und Rechtsh\u00e4nder)<\/p>\n\n\n\n<div class=\"wp-block-group is-content-justification-left is-nowrap is-layout-flex wp-container-core-group-is-layout-f56a869c wp-block-group-is-layout-flex\">\n<figure class=\"wp-block-image size-large\"><img loading=\"lazy\" decoding=\"async\" width=\"768\" height=\"1024\" src=\"https:\/\/www.inhouse-golf.de\/wp-content\/uploads\/2025\/12\/Rapsodo-anschalten-768x1024.jpg\" alt=\"\" class=\"wp-image-531\" srcset=\"https:\/\/www.inhouse-golf.de\/wp-content\/uploads\/2025\/12\/Rapsodo-anschalten-768x1024.jpg 768w, https:\/\/www.inhouse-golf.de\/wp-content\/uploads\/2025\/12\/Rapsodo-anschalten-scaled-600x800.jpg 600w, https:\/\/www.inhouse-golf.de\/wp-content\/uploads\/2025\/12\/Rapsodo-anschalten-225x300.jpg 225w, https:\/\/www.inhouse-golf.de\/wp-content\/uploads\/2025\/12\/Rapsodo-anschalten-1152x1536.jpg 1152w, https:\/\/www.inhouse-golf.de\/wp-content\/uploads\/2025\/12\/Rapsodo-anschalten-1536x2048.jpg 1536w, https:\/\/www.inhouse-golf.de\/wp-content\/uploads\/2025\/12\/Rapsodo-anschalten-scaled.jpg 1920w\" sizes=\"auto, (max-width: 768px) 100vw, 768px\" \/><\/figure>\n\n\n\n<figure class=\"wp-block-image size-large is-resized\"><img loading=\"lazy\" decoding=\"async\" width=\"1024\" height=\"768\" src=\"https:\/\/www.inhouse-golf.de\/wp-content\/uploads\/2026\/01\/Aufstellort_Trackman-1024x768.jpg\" alt=\"\" class=\"wp-image-1392\" style=\"width:724px;height:auto\" srcset=\"https:\/\/www.inhouse-golf.de\/wp-content\/uploads\/2026\/01\/Aufstellort_Trackman-1024x768.jpg 1024w, https:\/\/www.inhouse-golf.de\/wp-content\/uploads\/2026\/01\/Aufstellort_Trackman-300x225.jpg 300w, https:\/\/www.inhouse-golf.de\/wp-content\/uploads\/2026\/01\/Aufstellort_Trackman-768x576.jpg 768w, https:\/\/www.inhouse-golf.de\/wp-content\/uploads\/2026\/01\/Aufstellort_Trackman-1536x1152.jpg 1536w, https:\/\/www.inhouse-golf.de\/wp-content\/uploads\/2026\/01\/Aufstellort_Trackman-2048x1536.jpg 2048w\" sizes=\"auto, (max-width: 1024px) 100vw, 1024px\" \/><\/figure>\n<\/div>\n\n\n\n<p>Den Rapsodo kannst du an der linken Seite \u00fcber den Knopf (etwas l\u00e4nger dr\u00fccken) anschalten und bei bedarf auch ausschalten. <\/p>\n\n\n\n<p>Ein Reset \u00fcber den Weg des Ausschaltens klappt auch, falls sich etwas &#8222;aufgeh\u00e4ngt&#8220; haben sollte.<\/p>\n\n\n\n<p><\/p>\n\n\n\n<p>Alle Anleitungen findest du online hier (Download unter dem Bild), aber auch vor Ort direkt an der Pinnwand.<br><\/p>\n\n\n\n<figure class=\"wp-block-image size-large is-resized\"><img loading=\"lazy\" decoding=\"async\" width=\"1024\" height=\"768\" src=\"https:\/\/www.inhouse-golf.de\/wp-content\/uploads\/2025\/12\/Anleitung-fuer-die-Bedienung-1-1024x768.jpeg\" alt=\"\" class=\"wp-image-532\" style=\"width:718px;height:auto\" srcset=\"https:\/\/www.inhouse-golf.de\/wp-content\/uploads\/2025\/12\/Anleitung-fuer-die-Bedienung-1-1024x768.jpeg 1024w, https:\/\/www.inhouse-golf.de\/wp-content\/uploads\/2025\/12\/Anleitung-fuer-die-Bedienung-1-scaled-600x450.jpeg 600w, https:\/\/www.inhouse-golf.de\/wp-content\/uploads\/2025\/12\/Anleitung-fuer-die-Bedienung-1-300x225.jpeg 300w, https:\/\/www.inhouse-golf.de\/wp-content\/uploads\/2025\/12\/Anleitung-fuer-die-Bedienung-1-768x576.jpeg 768w, https:\/\/www.inhouse-golf.de\/wp-content\/uploads\/2025\/12\/Anleitung-fuer-die-Bedienung-1-1536x1152.jpeg 1536w, https:\/\/www.inhouse-golf.de\/wp-content\/uploads\/2025\/12\/Anleitung-fuer-die-Bedienung-1-2048x1536.jpeg 2048w\" sizes=\"auto, (max-width: 1024px) 100vw, 1024px\" \/><\/figure>\n\n\n\n<p><\/p>\n\n\n\n<p><\/p>\n","protected":false},"excerpt":{"rendered":"<p>Wie du alle Ger\u00e4te einstellst findest du hier -&gt; Ger\u00e4te Einstellungen Die Anleitung f\u00fcr die Bedienung des Rapsodo findest du hier. -> Anleitung Rapsodo Die Anleitung f\u00fcr die Bedienung des Trackman findest du hier. -> Anleitung Trackman Hier erf\u00e4hrst du, wie du unsere Ger\u00e4te am besten benutzt. Bitte stelle den Rapsodo an die enstrechend markierte [&hellip;]<\/p>\n","protected":false},"author":1,"featured_media":0,"parent":0,"menu_order":0,"comment_status":"closed","ping_status":"closed","template":"","meta":{"footnotes":""},"class_list":["post-274","page","type-page","status-publish","hentry"],"_links":{"self":[{"href":"https:\/\/www.inhouse-golf.de\/index.php?rest_route=\/wp\/v2\/pages\/274","targetHints":{"allow":["GET"]}}],"collection":[{"href":"https:\/\/www.inhouse-golf.de\/index.php?rest_route=\/wp\/v2\/pages"}],"about":[{"href":"https:\/\/www.inhouse-golf.de\/index.php?rest_route=\/wp\/v2\/types\/page"}],"author":[{"embeddable":true,"href":"https:\/\/www.inhouse-golf.de\/index.php?rest_route=\/wp\/v2\/users\/1"}],"replies":[{"embeddable":true,"href":"https:\/\/www.inhouse-golf.de\/index.php?rest_route=%2Fwp%2Fv2%2Fcomments&post=274"}],"version-history":[{"count":15,"href":"https:\/\/www.inhouse-golf.de\/index.php?rest_route=\/wp\/v2\/pages\/274\/revisions"}],"predecessor-version":[{"id":1396,"href":"https:\/\/www.inhouse-golf.de\/index.php?rest_route=\/wp\/v2\/pages\/274\/revisions\/1396"}],"wp:attachment":[{"href":"https:\/\/www.inhouse-golf.de\/index.php?rest_route=%2Fwp%2Fv2%2Fmedia&parent=274"}],"curies":[{"name":"wp","href":"https:\/\/api.w.org\/{rel}","templated":true}]}}