{"id":262,"date":"2025-11-27T04:42:16","date_gmt":"2025-11-27T04:42:16","guid":{"rendered":"https:\/\/www.inhouse-golf.de\/?page_id=262"},"modified":"2026-01-16T14:50:23","modified_gmt":"2026-01-16T13:50:23","slug":"anfahrt","status":"publish","type":"page","link":"https:\/\/www.inhouse-golf.de\/?page_id=262","title":{"rendered":"Anfahrt"},"content":{"rendered":"\n<p><\/p>\n\n\n\n<p><strong><strong>Du findest uns hier unter dieser Adresse:<\/strong><\/strong><\/p>\n\n\n\n<p>Molkereistra\u00dfe 16<\/p>\n\n\n\n<p>31832 Springe<\/p>\n\n\n\n<p><\/p>\n\n\n<div id=\"wpgmza_map_1\" class=\"wpgmza_map wpgmza-auto-left\" style=\"display:block;width:100%;height:400px;overflow:hidden;position:relative;\" data-map-id=\"1\" data-maps-engine=\"google-maps\" data-build-engine=\"atlas-novus\" data-shortcode-attributes=\"{&quot;id&quot;:&quot;1&quot;,&quot;zoom&quot;:false,&quot;width&quot;:false,&quot;height&quot;:false,&quot;marker&quot;:false,&quot;classname&quot;:false}\" data-settings=\"{&quot;map_title&quot;:&quot;Inhouse Golf&quot;,&quot;map_width&quot;:&quot;100&quot;,&quot;map_height&quot;:&quot;400&quot;,&quot;map_start_lat&quot;:&quot;52.21409623794246&quot;,&quot;map_start_lng&quot;:&quot;9.559174961531655&quot;,&quot;map_start_location&quot;:&quot;45.950464398418106,-109.81550500000003&quot;,&quot;map_start_zoom&quot;:&quot;17&quot;,&quot;default_marker&quot;:&quot;&quot;,&quot;type&quot;:&quot;1&quot;,&quot;alignment&quot;:&quot;4&quot;,&quot;directions_enabled&quot;:&quot;0&quot;,&quot;styling_enabled&quot;:&quot;0&quot;,&quot;styling_json&quot;:&quot;&quot;,&quot;active&quot;:&quot;0&quot;,&quot;kml&quot;:&quot;&quot;,&quot;bicycle&quot;:&quot;0&quot;,&quot;traffic&quot;:&quot;0&quot;,&quot;dbox&quot;:&quot;0&quot;,&quot;dbox_width&quot;:&quot;&quot;,&quot;listmarkers&quot;:&quot;0&quot;,&quot;listmarkers_advanced&quot;:&quot;0&quot;,&quot;filterbycat&quot;:&quot;0&quot;,&quot;ugm_enabled&quot;:&quot;0&quot;,&quot;ugm_category_enabled&quot;:&quot;0&quot;,&quot;fusion&quot;:&quot;&quot;,&quot;map_width_type&quot;:&quot;%&quot;,&quot;map_height_type&quot;:&quot;px&quot;,&quot;mass_marker_support&quot;:&quot;0&quot;,&quot;ugm_access&quot;:&quot;0&quot;,&quot;order_markers_by&quot;:&quot;0&quot;,&quot;order_markers_choice&quot;:&quot;0&quot;,&quot;show_user_location&quot;:&quot;0&quot;,&quot;default_to&quot;:&quot;&quot;,&quot;map_type&quot;:1,&quot;sl_stroke_color&quot;:&quot;&quot;,&quot;sl_fill_color&quot;:&quot;&quot;,&quot;sl_stroke_opacity&quot;:&quot;&quot;,&quot;sl_fill_opacity&quot;:&quot;&quot;,&quot;transport_layer&quot;:false,&quot;action&quot;:&quot;wpgmza_save_map&quot;,&quot;redirect_to&quot;:&quot;\\\/wp-admin\\\/admin-post.php&quot;,&quot;map_id&quot;:&quot;1&quot;,&quot;wpgmza_savemap&quot;:&quot;Karte speichern&quot;,&quot;http_referer&quot;:&quot;\\\/wp-admin\\\/admin.php?page=wp-google-maps-menu&amp;amp;action=edit&amp;amp;map_id=1&quot;,&quot;wpgmza_id&quot;:&quot;1&quot;,&quot;wpgmza_start_location&quot;:&quot;52.21409623794246,9.559174961531655&quot;,&quot;wpgmza_start_zoom&quot;:&quot;17&quot;,&quot;wpgmza_map_align&quot;:&quot;1&quot;,&quot;store_locator_enabled&quot;:false,&quot;store_locator_distance&quot;:false,&quot;store_locator_search_area&quot;:&quot;radial&quot;,&quot;wpgmza_store_locator_default_radius&quot;:&quot;10&quot;,&quot;store_locator_auto_area_max_zoom&quot;:&quot;&quot;,&quot;wpgmza_store_locator_radius_style&quot;:&quot;legacy&quot;,&quot;store_locator_component_anchor&quot;:&quot;0&quot;,&quot;store_locator_button_style&quot;:&quot;&quot;,&quot;wpgmza_store_locator_bounce&quot;:false,&quot;wpgmza_sl_animation&quot;:null,&quot;store_locator_query_string&quot;:&quot;&quot;,&quot;store_locator_location_placeholder&quot;:&quot;&quot;,&quot;store_locator_default_address&quot;:&quot;&quot;,&quot;store_locator_name_search&quot;:false,&quot;store_locator_name_string&quot;:&quot;&quot;,&quot;store_locator_not_found_message&quot;:&quot;&quot;,&quot;store_locator_show_distance&quot;:false,&quot;store_locator_category&quot;:false,&quot;wpgmza_store_locator_use_their_location&quot;:false,&quot;wpgmza_store_locator_hide_before_search&quot;:false,&quot;store_locator_nearby_searches&quot;:false,&quot;wpgmza_theme_data&quot;:&quot;&quot;,&quot;custom_tile_enabled&quot;:false,&quot;custom_tile_image&quot;:&quot;&quot;,&quot;custom_tile_image_width&quot;:&quot;&quot;,&quot;custom_tile_image_height&quot;:&quot;&quot;,&quot;custom_tile_image_attribution&quot;:&quot;&quot;,&quot;iw_anchor_panel_card&quot;:null,&quot;iw_primary_color&quot;:&quot;#000000&quot;,&quot;iw_accent_color&quot;:&quot;#000000&quot;,&quot;iw_text_color&quot;:&quot;#000000&quot;,&quot;close_infowindow_on_map_click&quot;:false,&quot;marker_share_links&quot;:false,&quot;wpgmza_listmarkers_by&quot;:&quot;0&quot;,&quot;marker_listing_component_anchor&quot;:null,&quot;marker_listing_component_auto_open&quot;:false,&quot;marker_listing_nudge_marker_center&quot;:false,&quot;marker_listing_nudge_x&quot;:&quot;&quot;,&quot;marker_listing_nudge_y&quot;:&quot;&quot;,&quot;category_filter_component_anchor&quot;:null,&quot;category_filter_label_string&quot;:&quot;&quot;,&quot;zoom_level_on_marker_listing_override&quot;:false,&quot;zoom_level_on_marker_listing_click&quot;:&quot;&quot;,&quot;marker_listing_disable_zoom&quot;:false,&quot;dataTable_pagination_style&quot;:null,&quot;datatable_no_result_message&quot;:&quot;&quot;,&quot;remove_search_box_datables&quot;:false,&quot;datatable_search_string&quot;:&quot;&quot;,&quot;datatable_result_start&quot;:&quot;&quot;,&quot;datatable_result_of&quot;:&quot;&quot;,&quot;datatable_result_to&quot;:&quot;&quot;,&quot;datatable_result_total&quot;:&quot;&quot;,&quot;datatable_result_show&quot;:&quot;&quot;,&quot;datatable_result_entries&quot;:&quot;&quot;,&quot;category_legends_enabled&quot;:false,&quot;category_legends_component_anchor&quot;:null,&quot;category_legends_style&quot;:null,&quot;category_legends_label_string&quot;:&quot;&quot;,&quot;jump_to_nearest_marker_on_initialization&quot;:false,&quot;click_open_link&quot;:false,&quot;wpgmza_zoom_on_marker_click&quot;:false,&quot;wpgmza_zoom_on_marker_click_slider&quot;:&quot;&quot;,&quot;enable_marker_labels&quot;:false,&quot;polygon_labels&quot;:false,&quot;disable_polygon_info_windows&quot;:false,&quot;shape_filtering&quot;:false,&quot;fit_maps_bounds_to_markers&quot;:false,&quot;fit_maps_bounds_to_markers_after_filtering&quot;:false,&quot;restrict_map_bounds&quot;:false,&quot;restrict_boundary_corner_a&quot;:&quot;&quot;,&quot;restrict_boundary_corner_b&quot;:&quot;&quot;,&quot;automatically_pan_to_users_location&quot;:false,&quot;enable_user_location_control&quot;:false,&quot;override_users_location_zoom_level&quot;:false,&quot;override_users_location_zoom_levels&quot;:&quot;&quot;,&quot;show_distance_from_location&quot;:false,&quot;map_starts_in_streetview&quot;:false,&quot;map_starts_in_streetview_location&quot;:&quot;&quot;,&quot;map_starts_in_streetview_heading&quot;:&quot;&quot;,&quot;map_starts_in_streetview_pitch&quot;:&quot;&quot;,&quot;map_max_zoom&quot;:&quot;21&quot;,&quot;map_min_zoom&quot;:&quot;0&quot;,&quot;hide_point_of_interest&quot;:false,&quot;disable_lightbox_images&quot;:false,&quot;use_Raw_Jpeg_Coordinates&quot;:false,&quot;enable_marker_ratings&quot;:false,&quot;enable_map_reset_control&quot;:false,&quot;zoom_level_mobile_override_enabled&quot;:false,&quot;zoom_level_mobile_override&quot;:&quot;&quot;,&quot;map_dimensions_mobile_override_enabled&quot;:false,&quot;map_mobile_width&quot;:&quot;100&quot;,&quot;map_mobile_width_type&quot;:&quot;%&quot;,&quot;map_mobile_height&quot;:&quot;200&quot;,&quot;map_mobile_height_type&quot;:&quot;px&quot;,&quot;lazyload_info_window_content&quot;:false,&quot;only_load_markers_within_viewport&quot;:false,&quot;id&quot;:1}\" ><\/div>\n\n\n\n<p><\/p>\n\n\n\n<p>Der Eingang befindet sich links (vor Haus stehend mit Sicht aufs Haus) hinter einem Holztor. Ein Schild mit Logo ist am Holztor angebracht.<\/p>\n\n\n\n<figure class=\"wp-block-image size-large is-resized\"><img loading=\"lazy\" decoding=\"async\" width=\"1024\" height=\"768\" src=\"https:\/\/www.inhouse-golf.de\/wp-content\/uploads\/2025\/12\/Unser-Eingangstor-1024x768.jpeg\" alt=\"\" class=\"wp-image-505\" style=\"width:720px;height:auto\" srcset=\"https:\/\/www.inhouse-golf.de\/wp-content\/uploads\/2025\/12\/Unser-Eingangstor-1024x768.jpeg 1024w, https:\/\/www.inhouse-golf.de\/wp-content\/uploads\/2025\/12\/Unser-Eingangstor-scaled-600x450.jpeg 600w, https:\/\/www.inhouse-golf.de\/wp-content\/uploads\/2025\/12\/Unser-Eingangstor-300x225.jpeg 300w, https:\/\/www.inhouse-golf.de\/wp-content\/uploads\/2025\/12\/Unser-Eingangstor-768x576.jpeg 768w, https:\/\/www.inhouse-golf.de\/wp-content\/uploads\/2025\/12\/Unser-Eingangstor-1536x1152.jpeg 1536w, https:\/\/www.inhouse-golf.de\/wp-content\/uploads\/2025\/12\/Unser-Eingangstor-2048x1536.jpeg 2048w\" sizes=\"auto, (max-width: 1024px) 100vw, 1024px\" \/><\/figure>\n\n\n\n<p><\/p>\n\n\n\n<p>Es gibt einen Parkplatz f\u00fcr die Anlage. Es besteht kein automatischer Parkanspruch mit buchen einer Trainingszeit.<br>Sollte der Parkplatz belegt sein, bitte die Stra\u00dfe zum Parken benutzen. <\/p>\n\n\n\n<p><strong><strong>Andere Parkpl\u00e4tze auf dem Gel\u00e4nde d\u00fcrfen nicht verwendet werden. <\/strong><\/strong><\/p>\n\n\n\n<figure class=\"wp-block-image size-large is-resized\"><img loading=\"lazy\" decoding=\"async\" width=\"1024\" height=\"768\" src=\"https:\/\/www.inhouse-golf.de\/wp-content\/uploads\/2025\/12\/unser_Parkplatz-scaled-1024x768.jpeg\" alt=\"\" class=\"wp-image-507\" style=\"width:720px\" srcset=\"https:\/\/www.inhouse-golf.de\/wp-content\/uploads\/2025\/12\/unser_Parkplatz-scaled-1024x768.jpeg 1024w, https:\/\/www.inhouse-golf.de\/wp-content\/uploads\/2025\/12\/unser_Parkplatz-scaled-300x225.jpeg 300w, https:\/\/www.inhouse-golf.de\/wp-content\/uploads\/2025\/12\/unser_Parkplatz-scaled-768x576.jpeg 768w, https:\/\/www.inhouse-golf.de\/wp-content\/uploads\/2025\/12\/unser_Parkplatz-scaled-1536x1152.jpeg 1536w, https:\/\/www.inhouse-golf.de\/wp-content\/uploads\/2025\/12\/unser_Parkplatz-scaled-2048x1536.jpeg 2048w\" sizes=\"auto, (max-width: 1024px) 100vw, 1024px\" \/><\/figure>\n\n\n\n<p>Die Eingangst\u00fcr befindet sich rechts im Geb\u00e4ude, direkt nach dem Holztor ersichtlich.<\/p>\n\n\n\n<figure class=\"wp-block-image size-large is-resized\"><img loading=\"lazy\" decoding=\"async\" width=\"768\" height=\"1024\" src=\"https:\/\/www.inhouse-golf.de\/wp-content\/uploads\/2025\/12\/Eingangstuer-768x1024.jpeg\" alt=\"\" class=\"wp-image-476\" style=\"width:720px;height:auto\" srcset=\"https:\/\/www.inhouse-golf.de\/wp-content\/uploads\/2025\/12\/Eingangstuer-768x1024.jpeg 768w, https:\/\/www.inhouse-golf.de\/wp-content\/uploads\/2025\/12\/Eingangstuer-rotated-600x800.jpeg 600w, https:\/\/www.inhouse-golf.de\/wp-content\/uploads\/2025\/12\/Eingangstuer-225x300.jpeg 225w, https:\/\/www.inhouse-golf.de\/wp-content\/uploads\/2025\/12\/Eingangstuer-1152x1536.jpeg 1152w, https:\/\/www.inhouse-golf.de\/wp-content\/uploads\/2025\/12\/Eingangstuer-rotated.jpeg 1512w\" sizes=\"auto, (max-width: 768px) 100vw, 768px\" \/><\/figure>\n\n\n\n<p>Im Geb\u00e4ude (direkt links ist der Lichtschalter f\u00fcr den Flur) befindet sich der Trainingsraum hinter der 2. T\u00fcr (erkennbar am Logo).<\/p>\n\n\n\n<figure class=\"wp-block-image size-large is-resized\"><img loading=\"lazy\" decoding=\"async\" width=\"768\" height=\"1024\" src=\"https:\/\/www.inhouse-golf.de\/wp-content\/uploads\/2025\/12\/Eingang_Flur_Hinweis-768x1024.jpg\" alt=\"\" class=\"wp-image-730\" style=\"width:720px\" srcset=\"https:\/\/www.inhouse-golf.de\/wp-content\/uploads\/2025\/12\/Eingang_Flur_Hinweis-768x1024.jpg 768w, https:\/\/www.inhouse-golf.de\/wp-content\/uploads\/2025\/12\/Eingang_Flur_Hinweis-600x800.jpg 600w, https:\/\/www.inhouse-golf.de\/wp-content\/uploads\/2025\/12\/Eingang_Flur_Hinweis-225x300.jpg 225w, https:\/\/www.inhouse-golf.de\/wp-content\/uploads\/2025\/12\/Eingang_Flur_Hinweis.jpg 800w\" sizes=\"auto, (max-width: 768px) 100vw, 768px\" \/><\/figure>\n\n\n\n<p>Hier ist die T\u00fcr zum Trainingsraum.<\/p>\n\n\n\n<figure class=\"wp-block-image size-large is-resized\"><img loading=\"lazy\" decoding=\"async\" width=\"768\" height=\"1024\" src=\"https:\/\/www.inhouse-golf.de\/wp-content\/uploads\/2025\/12\/Eingang_Trainingsraum-768x1024.jpeg\" alt=\"\" class=\"wp-image-478\" style=\"width:720px\" srcset=\"https:\/\/www.inhouse-golf.de\/wp-content\/uploads\/2025\/12\/Eingang_Trainingsraum-768x1024.jpeg 768w, https:\/\/www.inhouse-golf.de\/wp-content\/uploads\/2025\/12\/Eingang_Trainingsraum-scaled-600x800.jpeg 600w, https:\/\/www.inhouse-golf.de\/wp-content\/uploads\/2025\/12\/Eingang_Trainingsraum-225x300.jpeg 225w, https:\/\/www.inhouse-golf.de\/wp-content\/uploads\/2025\/12\/Eingang_Trainingsraum-1152x1536.jpeg 1152w, https:\/\/www.inhouse-golf.de\/wp-content\/uploads\/2025\/12\/Eingang_Trainingsraum-1536x2048.jpeg 1536w, https:\/\/www.inhouse-golf.de\/wp-content\/uploads\/2025\/12\/Eingang_Trainingsraum-scaled.jpeg 1920w\" sizes=\"auto, (max-width: 768px) 100vw, 768px\" \/><\/figure>\n\n\n\n<p><\/p>\n","protected":false},"excerpt":{"rendered":"<p>Du findest uns hier unter dieser Adresse: Molkereistra\u00dfe 16 31832 Springe Der Eingang befindet sich links (vor Haus stehend mit Sicht aufs Haus) hinter einem Holztor. Ein Schild mit Logo ist am Holztor angebracht. Es gibt einen Parkplatz f\u00fcr die Anlage. Es besteht kein automatischer Parkanspruch mit buchen einer Trainingszeit.Sollte der Parkplatz belegt sein, bitte [&hellip;]<\/p>\n","protected":false},"author":1,"featured_media":0,"parent":0,"menu_order":0,"comment_status":"closed","ping_status":"closed","template":"","meta":{"footnotes":""},"class_list":["post-262","page","type-page","status-publish","hentry"],"_links":{"self":[{"href":"https:\/\/www.inhouse-golf.de\/index.php?rest_route=\/wp\/v2\/pages\/262","targetHints":{"allow":["GET"]}}],"collection":[{"href":"https:\/\/www.inhouse-golf.de\/index.php?rest_route=\/wp\/v2\/pages"}],"about":[{"href":"https:\/\/www.inhouse-golf.de\/index.php?rest_route=\/wp\/v2\/types\/page"}],"author":[{"embeddable":true,"href":"https:\/\/www.inhouse-golf.de\/index.php?rest_route=\/wp\/v2\/users\/1"}],"replies":[{"embeddable":true,"href":"https:\/\/www.inhouse-golf.de\/index.php?rest_route=%2Fwp%2Fv2%2Fcomments&post=262"}],"version-history":[{"count":10,"href":"https:\/\/www.inhouse-golf.de\/index.php?rest_route=\/wp\/v2\/pages\/262\/revisions"}],"predecessor-version":[{"id":1585,"href":"https:\/\/www.inhouse-golf.de\/index.php?rest_route=\/wp\/v2\/pages\/262\/revisions\/1585"}],"wp:attachment":[{"href":"https:\/\/www.inhouse-golf.de\/index.php?rest_route=%2Fwp%2Fv2%2Fmedia&parent=262"}],"curies":[{"name":"wp","href":"https:\/\/api.w.org\/{rel}","templated":true}]}}