{"id":227,"date":"2025-11-26T16:52:07","date_gmt":"2025-11-26T16:52:07","guid":{"rendered":"https:\/\/www.inhouse-golf.de\/?page_id=227"},"modified":"2026-01-07T13:41:53","modified_gmt":"2026-01-07T12:41:53","slug":"training-buchen","status":"publish","type":"page","link":"https:\/\/www.inhouse-golf.de\/?page_id=227","title":{"rendered":"Training Buchen"},"content":{"rendered":"\n<p class=\"has-medium-font-size\"><strong><a href=\"https:\/\/www.inhouse-golf.de\/?page_id=118\" data-type=\"page\" data-id=\"118\"><strong>Hier kannst du direkt buchen &#8211; Buchungskalender <\/strong><\/a>     <\/strong><\/p>\n\n\n\n<p><\/p>\n\n\n\n<p><strong>Die Anlage kann selbstst\u00e4ndig und allein genutzt werden.<\/strong><\/p>\n\n\n\n<p><\/p>\n\n\n\n<p><strong>Nutzung des original Trackman: Der Umgang mit der Trackman-Software sollte dem User bekannt sein!<\/strong><\/p>\n\n\n\n<p>Nach erfolgter Buchung und Bezahlung (Paypal \/ Kreditkarte \/ Apple Pay \/ Google Pay) erh\u00e4lt man automatisch einen Zugangscode per Email.<br>Dieser Zugangscode ist in das Zahlenpad an der Haust\u00fcr und an der  Trainingst\u00fcr einzugeben. <br><strong><strong>Der per Email erhaltene Zugangscode ist 15min vor gebuchten Zeit bis 15min nach der gebuchten Zeit g\u00fcltig und kann in diesem Zeitraum beliebig oft verwendet werden<\/strong><\/strong>. <br>Dann erfolgt eine automatische Sperre. <\/p>\n\n\n\n<p>Bei mehreren Zeitbuchungen wird <strong><strong>pro Trainingszeitraum ein separate Mail<\/strong><\/strong> mit dem Zugangscode ersendet.<\/p>\n\n\n\n<p><strong><strong>Der Trainingskalender ist nur f\u00fcr angemeldete Mitglieder ersichtlich. Eine <a href=\"\/wp-login.php?action=register\">Registierung <\/a>und <a href=\"\/wp-login.php?redirect_to=https%3A%2F%2Fwww.inhouse-golf.de%2F%3Fpage_id%3D118\">Anmeldung <\/a>ist hier m\u00f6glich.<\/strong><\/strong><\/p>\n\n\n\n<p><\/p>\n\n\n\n<p>Es k\u00f6nnen Trainingszeiten f\u00fcr 1, 2 oder 3 Stunden am St\u00fcck gebucht werden. Die kann \u00fcber die hier aufgef\u00fchrten Links einfach erfolgen.<\/p>\n\n\n\n<p><\/p>\n\n\n\n<p>Es ist auch m\u00f6glich, mehrere Zeitfenster innerhalb einer Buchung vorzunehmen, diese m\u00fcssen aber immer die gleiche Dauer (1,2 oder 3 Stunden haben). <br><\/p>\n\n\n\n<p class=\"has-medium-font-size\"><br><strong><strong><a href=\"https:\/\/www.inhouse-golf.de\/?page_id=118\" data-type=\"page\" data-id=\"118\">Buchungskalender<\/a>             <\/strong><\/strong><br><\/p>\n\n\n\n<p><\/p>\n\n\n\n<p>Unter <a href=\"https:\/\/www.inhouse-golf.de\/?page_id=128&amp;mpa_bookings=1\" data-type=\"page\" data-id=\"128\">Meine Buchungen<\/a> kannst du deine gebuchten Termine einsehen.<\/p>\n\n\n\n<p><\/p>\n\n\n\n<p><\/p>\n","protected":false},"excerpt":{"rendered":"<p>Hier kannst du direkt buchen &#8211; Buchungskalender Die Anlage kann selbstst\u00e4ndig und allein genutzt werden. Nutzung des original Trackman: Der Umgang mit der Trackman-Software sollte dem User bekannt sein! Nach erfolgter Buchung und Bezahlung (Paypal \/ Kreditkarte \/ Apple Pay \/ Google Pay) erh\u00e4lt man automatisch einen Zugangscode per Email.Dieser Zugangscode ist in das Zahlenpad [&hellip;]<\/p>\n","protected":false},"author":1,"featured_media":0,"parent":0,"menu_order":0,"comment_status":"closed","ping_status":"closed","template":"","meta":{"footnotes":""},"class_list":["post-227","page","type-page","status-publish","hentry"],"_links":{"self":[{"href":"https:\/\/www.inhouse-golf.de\/index.php?rest_route=\/wp\/v2\/pages\/227","targetHints":{"allow":["GET"]}}],"collection":[{"href":"https:\/\/www.inhouse-golf.de\/index.php?rest_route=\/wp\/v2\/pages"}],"about":[{"href":"https:\/\/www.inhouse-golf.de\/index.php?rest_route=\/wp\/v2\/types\/page"}],"author":[{"embeddable":true,"href":"https:\/\/www.inhouse-golf.de\/index.php?rest_route=\/wp\/v2\/users\/1"}],"replies":[{"embeddable":true,"href":"https:\/\/www.inhouse-golf.de\/index.php?rest_route=%2Fwp%2Fv2%2Fcomments&post=227"}],"version-history":[{"count":26,"href":"https:\/\/www.inhouse-golf.de\/index.php?rest_route=\/wp\/v2\/pages\/227\/revisions"}],"predecessor-version":[{"id":1299,"href":"https:\/\/www.inhouse-golf.de\/index.php?rest_route=\/wp\/v2\/pages\/227\/revisions\/1299"}],"wp:attachment":[{"href":"https:\/\/www.inhouse-golf.de\/index.php?rest_route=%2Fwp%2Fv2%2Fmedia&parent=227"}],"curies":[{"name":"wp","href":"https:\/\/api.w.org\/{rel}","templated":true}]}}