{"id":2,"date":"2025-11-24T11:11:34","date_gmt":"2025-11-24T11:11:34","guid":{"rendered":"https:\/\/golftraining.hm-hm.com\/?page_id=2"},"modified":"2026-01-07T13:35:13","modified_gmt":"2026-01-07T12:35:13","slug":"sample-page","status":"publish","type":"page","link":"https:\/\/www.inhouse-golf.de\/?page_id=2","title":{"rendered":"Buchungsbedingungen"},"content":{"rendered":"\n<p><\/p>\n\n\n\n<p><strong><strong>Allgemeine Bedingungen<\/strong><\/strong><\/p>\n\n\n\n<p>Der Nutzer akzeptiert und befolgt die <a href=\"https:\/\/www.inhouse-golf.de\/?page_id=107\" data-type=\"page\" data-id=\"107\">Hausordnung <\/a>bei Buchung der Startzeit und beim Betreten der R\u00e4umlichkeiten. Der Nutzer nimmt die <a href=\"https:\/\/www.inhouse-golf.de\/?page_id=490\" data-type=\"page\" data-id=\"490\">Datenschutzerkl\u00e4rung<\/a> zur Kenntnis und ist mit der einverstanden.<\/p>\n\n\n\n<p>Die Hausordnung ist jederzeit auf der Internetseite unter <a href=\"https:\/\/www.inhouse-golf.de\">https:\/\/www.inhouse-golf.de<\/a> einsehbar.<\/p>\n\n\n\n<p>Der Betreiber kann das Hausrecht ggfls. auch telefonisch durchsetzen und per Fernzugriff die Anlage deaktivien.<\/p>\n\n\n\n<p>Im Fall eines Versto\u00dfes gegen die Hausordnung, ist der Betreiber berechtigt, die Anlage sofort zu sperren. Die aktuelle Buchung verf\u00e4llt dann sofort. Zuk\u00fcnftige Buchungen k\u00f6nnen ebenfalls direkt verfallen und es kann ein Hausverbot ausgesprochen werden.<\/p>\n\n\n\n<p>Abo-Nutzer wird der aktuelle Buchungscode gesperrt und es wird auch kein neuer Abo-Code zur Verf\u00fcgung gestellt. Eine Erstattung der Abo-Geb\u00fchren erfolgt in diesem Fall nicht. Das Abo wird dann auch automatisch zum n\u00e4chstm\u00f6glichen K\u00fcndigungstermin beendet. <\/p>\n\n\n\n<p><\/p>\n\n\n\n<p><strong><strong>Eine Buchung erfolgt immer nur in ganzen Stunden. Nach erfolgreicher Bezahlung erfolgt keine R\u00fcckstattung von Betr\u00e4gen. Eine Stornierung von Startzeiten ist nicht m\u00f6glich.<\/strong><\/strong><\/p>\n\n\n\n<p>Wird die Zeit nicht oder nicht vollst\u00e4ndig genutzt, verf\u00e4llt diese ersatzlos.<\/p>\n\n\n\n<p><\/p>\n\n\n\n<p>Die Anlage ist so rechtzeitig zu verlassen, dass ein nachfolgener Nutzer zu seiner gebuchten Zeit p\u00fcnktlich beginnen kann. Die nachfolgende Nutzer hat immer vorherigen Nutzer.<\/p>\n\n\n\n<p><\/p>\n\n\n\n<p>Ein \u00fcberziehen der Nutzungszeit um mehr als 10 Minuten (auch wenn keine Nachfolgende Buchung vorliegt) ist nicht gestattet und kann im wiederholten Fall zur dauerhaften Sperrung des Accounts f\u00fchren. Get\u00e4tigte Buchungen werden in diesem Fall nicht r\u00fcckerstattet.<\/p>\n\n\n\n<p><strong><strong>Die Anlage ist innerhalb von 15 Minuten nach Ablauf der Buchungszeit zu verlassen.<\/strong><\/strong><\/p>\n\n\n\n<p><\/p>\n\n\n\n<p>Zeitguthaben aus den Abo-Varianten verfallen automatisch zum Monatsende und k\u00f6nnen nicht \u00fcbertragen werden. <\/p>\n\n\n\n<p><\/p>\n\n\n\n<p><strong><strong>M\u00f6gliche technische St\u00f6rungen:<\/strong><\/strong><\/p>\n\n\n\n<p>Der Betreiber kann auf Grund von technischer Verf\u00fcgbarkeit (z.B. Ger\u00e4tedefekte, defekte Internetverbindung, Ger\u00e4tesch\u00e4de) ein Startzeit stornieren. Der Nutzer erh\u00e4lt dann eine Gutschrift \u00fcber den gezahlten Betrag \u00fcber den urspr\u00fcnglich verwendeten Zahlungsweg. <\/p>\n\n\n\n<p>Erfolgte die Buchung \u00fcber einen Abo-Code, wird die stornierte Zeit dem Gutschein-Code wieder gutgeschrieben. Erfolgt die Stornierung nach jeweils dem 15. des Monats, kann die stornierte Zeit auch im Folgemonat genutzt werden und verf\u00e4llt nicht zum aktuell Monatsletzen.  <\/p>\n\n\n\n<p><\/p>\n\n\n\n<p><strong><strong>Gesonderte Abo-Bedinungen<\/strong><\/strong><\/p>\n\n\n\n<p>Damit eine Chancengleichheit f\u00fcr alle besteht, kann mit den Abo-Codes nur innerhalb des aktuellen Monats eine Startzeiten reserviert werden.<br>Jeder Abo-Nutzer erh\u00e4lt Ende des Monats einen neuen Abo-Code f\u00fcr den kommenden Monat.<\/p>\n\n\n\n<p><\/p>\n\n\n\n<p>Preis sind in der <a href=\"https:\/\/www.inhouse-golf.de\/?page_id=100\" data-type=\"page\" data-id=\"100\">Preis\u00fcbersicht <\/a>jederzeit ersichtlich.<\/p>\n\n\n\n<p><\/p>\n\n\n\n<p><\/p>\n\n\n\n<p class=\"has-small-font-size\">Stand. 07.01.2026<\/p>\n","protected":false},"excerpt":{"rendered":"<p>Allgemeine Bedingungen Der Nutzer akzeptiert und befolgt die Hausordnung bei Buchung der Startzeit und beim Betreten der R\u00e4umlichkeiten. Der Nutzer nimmt die Datenschutzerkl\u00e4rung zur Kenntnis und ist mit der einverstanden. Die Hausordnung ist jederzeit auf der Internetseite unter https:\/\/www.inhouse-golf.de einsehbar. Der Betreiber kann das Hausrecht ggfls. auch telefonisch durchsetzen und per Fernzugriff die Anlage deaktivien. [&hellip;]<\/p>\n","protected":false},"author":1,"featured_media":0,"parent":0,"menu_order":0,"comment_status":"closed","ping_status":"open","template":"","meta":{"footnotes":""},"class_list":["post-2","page","type-page","status-publish","hentry"],"_links":{"self":[{"href":"https:\/\/www.inhouse-golf.de\/index.php?rest_route=\/wp\/v2\/pages\/2","targetHints":{"allow":["GET"]}}],"collection":[{"href":"https:\/\/www.inhouse-golf.de\/index.php?rest_route=\/wp\/v2\/pages"}],"about":[{"href":"https:\/\/www.inhouse-golf.de\/index.php?rest_route=\/wp\/v2\/types\/page"}],"author":[{"embeddable":true,"href":"https:\/\/www.inhouse-golf.de\/index.php?rest_route=\/wp\/v2\/users\/1"}],"replies":[{"embeddable":true,"href":"https:\/\/www.inhouse-golf.de\/index.php?rest_route=%2Fwp%2Fv2%2Fcomments&post=2"}],"version-history":[{"count":8,"href":"https:\/\/www.inhouse-golf.de\/index.php?rest_route=\/wp\/v2\/pages\/2\/revisions"}],"predecessor-version":[{"id":1295,"href":"https:\/\/www.inhouse-golf.de\/index.php?rest_route=\/wp\/v2\/pages\/2\/revisions\/1295"}],"wp:attachment":[{"href":"https:\/\/www.inhouse-golf.de\/index.php?rest_route=%2Fwp%2Fv2%2Fmedia&parent=2"}],"curies":[{"name":"wp","href":"https:\/\/api.w.org\/{rel}","templated":true}]}}