{"id":107,"date":"2025-11-25T14:01:39","date_gmt":"2025-11-25T14:01:39","guid":{"rendered":"https:\/\/golftraining.hm-hm.com\/?page_id=107"},"modified":"2026-01-07T13:25:47","modified_gmt":"2026-01-07T12:25:47","slug":"haftung","status":"publish","type":"page","link":"https:\/\/www.inhouse-golf.de\/?page_id=107","title":{"rendered":"Hausordnung"},"content":{"rendered":"\n<p><\/p>\n\n\n\n<p>Jeder stimmt der Hausordnung bei Buchung der Startzeit sowie mit betreten der Anlage vollst\u00e4ndig zu.<\/p>\n\n\n\n<p><\/p>\n\n\n\n<p>Der Vermieter hat immer das vollst\u00e4ndige Hausrecht und seinen Anweisungen sind stets folge zu leisten.<\/p>\n\n\n\n<p><\/p>\n\n\n\n<p><strong><strong>Nach Ablauf der gebuchten Zeit sind alle elektronischen Ger\u00e4te abzuschalten und der Trainingsraum wieder ordnungsgem\u00e4\u00df zu verlassen.<\/strong><\/strong><\/p>\n\n\n\n<p><\/p>\n\n\n\n<p>Das technische Ver\u00e4ndern der Analge (z.B. Kabelverbindungen l\u00f6sen, Stromstecker ziehen) ist untersagt. <\/p>\n\n\n\n<p>Es steht f\u00fcr den <strong>Trainingsplatz mit Beamer<\/strong> ein HDMI Kabel (f\u00fcr das Video-Beamer-Signal) und eine USB-C Anschlu\u00df f\u00fcr eine Stromversorgung. Diese beiden Anschl\u00fcsse sind mit dem Vorhanden Ipad verbunden. Das HDMI-Kabel darf zur Einspeisung eines eigenen Signals verwendet werden.<\/p>\n\n\n\n<p>F\u00fcr den Trainingsplatz mit TV steht ein HDMI-Anschlu\u00df zum Anschlu\u00df eines eigenen Ger\u00e4tes zur Verf\u00fcgung.<\/p>\n\n\n\n<p><\/p>\n\n\n\n<p><strong><strong>Es d\u00fcrfen nur mitgebrachte Laptops sowie Golftracker  (keine anderen Elektronischen Ger\u00e4te) an Strom, HDMI und\/oder USB-C Anschlu\u00df angeschlossen werden.<\/strong><\/strong><\/p>\n\n\n\n<p>Dies gilt insbesondere f\u00fcr Heizger\u00e4te etc. Auch anderweitige (Gas, \u00d6l, etc.) mitgebrachte Ger\u00e4te d\u00fcrfen aus Brandschutzgr\u00fcnden nicht angeschlossen werden.<\/p>\n\n\n\n<p><\/p>\n\n\n\n<p><strong><strong>Beim Verlassen des Raumes und des Geb\u00e4udes ist dieser wieder elektronisch abszuschlie\u00dfen.<\/strong><\/strong> Dies erfolgt durch einmaliges Dr\u00fccken der Pfeiltaste auf dem Zahlen-Eingabe-Feld na der jeweiligen T\u00fcr. Es ist ein Abschlie\u00dfger\u00e4usch zu h\u00f6ren. Bitte nach diesem Ger\u00e4uch einmal die pr\u00fcfen, ob die T\u00fcren verschlossen sind. <strong><strong>Jede T\u00fcr muss einzeln verschlossen werden<\/strong><\/strong>.<\/p>\n\n\n<div class=\"wp-block-image\">\n<figure class=\"aligncenter size-large is-resized\"><img loading=\"lazy\" decoding=\"async\" width=\"558\" height=\"1024\" src=\"https:\/\/www.inhouse-golf.de\/wp-content\/uploads\/2025\/11\/Nuki-Keypapd-558x1024.jpg\" alt=\"\" class=\"wp-image-242\" style=\"width:174px;height:auto\" srcset=\"https:\/\/www.inhouse-golf.de\/wp-content\/uploads\/2025\/11\/Nuki-Keypapd-558x1024.jpg 558w, https:\/\/www.inhouse-golf.de\/wp-content\/uploads\/2025\/11\/Nuki-Keypapd-600x1101.jpg 600w, https:\/\/www.inhouse-golf.de\/wp-content\/uploads\/2025\/11\/Nuki-Keypapd-163x300.jpg 163w, https:\/\/www.inhouse-golf.de\/wp-content\/uploads\/2025\/11\/Nuki-Keypapd-768x1409.jpg 768w, https:\/\/www.inhouse-golf.de\/wp-content\/uploads\/2025\/11\/Nuki-Keypapd.jpg 813w\" sizes=\"auto, (max-width: 558px) 100vw, 558px\" \/><\/figure>\n<\/div>\n\n\n<p><strong><strong>Schlie\u00dft der Nutzer nicht ordnungsgem\u00e4\u00df ab, haftet dieser f\u00fcr eventuell Diebst\u00e4hle oder Besch\u00e4digungen.<\/strong><\/strong><\/p>\n\n\n\n<p><\/p>\n\n\n\n<p>Der Vermieter\/Betreiber haftet f\u00fcr keine Sch\u00e4den, die dem Nutzer auf der Anlage entstehen k\u00f6nnen.<\/p>\n\n\n\n<p>Der Nutzer der Anlage hat die Anlage, insbesondere den Eingangsbereich nur mit ausreichend Beleuchtung zu betreten.<\/p>\n\n\n\n<p><\/p>\n\n\n\n<p>Der Nutzer haftet pers\u00f6nlich f\u00fcr die von Ihm gemachten Sch\u00e4den an der Anlage.<\/p>\n\n\n\n<p>Dies gilt insbesondere f\u00fcr die elektronischen Ger\u00e4te (Beamer, TV, Tablett, Schwungradar).<\/p>\n\n\n\n<p><\/p>\n\n\n\n<p>Werden vom Nutzer Begleitpersonen mit auf die Anlage gebracht, haftet der Nutzer auch f\u00fcr alle Sch\u00e4den, die die Begleitperson verursacht.<\/p>\n\n\n\n<p><\/p>\n\n\n\n<p>Durch den Nutzer verursachter M\u00fcll ist beim Verlassen der Anlage selbst mitzunehmen und zu entsorgen. Der Vermieter stellte keine Abfallbeh\u00e4lter zur Verf\u00fcgung.<\/p>\n\n\n\n<p><\/p>\n\n\n\n<p>Wenn Speisen und Getr\u00e4nke auf der Anlage verzehrt werden, ist daf\u00fcr Sorge zu tragen, dass keine \u00dcberreste auf der Anlage verbleiben.<\/p>\n\n\n\n<p><\/p>\n\n\n\n<p>Die Trainingsanlage ist vollst\u00e4ndig Video \u00fcberwacht. Der Nutzer erkl\u00e4rt sich bei Betreten der Anlage damit mit der Videoaufzeichnung vollst\u00e4ndig einverstanden.<\/p>\n\n\n\n<p>Der Zugang wird elektronisch protokolliert. (Wann welcher Code verwendet wurde, Zustand der T\u00fcren, Verriegelungszustand des Schlosses).<\/p>\n\n\n\n<p>Die Videos werden 2 Wochen aufbewahrt und danach vernichtet.<\/p>\n\n\n\n<p><\/p>\n\n\n\n<p class=\"has-small-font-size\">Stand: 02.12.2025<\/p>\n","protected":false},"excerpt":{"rendered":"<p>Jeder stimmt der Hausordnung bei Buchung der Startzeit sowie mit betreten der Anlage vollst\u00e4ndig zu. Der Vermieter hat immer das vollst\u00e4ndige Hausrecht und seinen Anweisungen sind stets folge zu leisten. Nach Ablauf der gebuchten Zeit sind alle elektronischen Ger\u00e4te abzuschalten und der Trainingsraum wieder ordnungsgem\u00e4\u00df zu verlassen. Das technische Ver\u00e4ndern der Analge (z.B. Kabelverbindungen l\u00f6sen, [&hellip;]<\/p>\n","protected":false},"author":1,"featured_media":0,"parent":0,"menu_order":0,"comment_status":"closed","ping_status":"closed","template":"","meta":{"footnotes":""},"class_list":["post-107","page","type-page","status-publish","hentry"],"_links":{"self":[{"href":"https:\/\/www.inhouse-golf.de\/index.php?rest_route=\/wp\/v2\/pages\/107","targetHints":{"allow":["GET"]}}],"collection":[{"href":"https:\/\/www.inhouse-golf.de\/index.php?rest_route=\/wp\/v2\/pages"}],"about":[{"href":"https:\/\/www.inhouse-golf.de\/index.php?rest_route=\/wp\/v2\/types\/page"}],"author":[{"embeddable":true,"href":"https:\/\/www.inhouse-golf.de\/index.php?rest_route=\/wp\/v2\/users\/1"}],"replies":[{"embeddable":true,"href":"https:\/\/www.inhouse-golf.de\/index.php?rest_route=%2Fwp%2Fv2%2Fcomments&post=107"}],"version-history":[{"count":14,"href":"https:\/\/www.inhouse-golf.de\/index.php?rest_route=\/wp\/v2\/pages\/107\/revisions"}],"predecessor-version":[{"id":1290,"href":"https:\/\/www.inhouse-golf.de\/index.php?rest_route=\/wp\/v2\/pages\/107\/revisions\/1290"}],"wp:attachment":[{"href":"https:\/\/www.inhouse-golf.de\/index.php?rest_route=%2Fwp%2Fv2%2Fmedia&parent=107"}],"curies":[{"name":"wp","href":"https:\/\/api.w.org\/{rel}","templated":true}]}}